{"id":67,"date":"2020-01-26T15:07:55","date_gmt":"2020-01-26T15:07:55","guid":{"rendered":"https:\/\/capacitacionicsemx.com\/?page_id=67"},"modified":"2021-09-15T03:17:34","modified_gmt":"2021-09-15T03:17:34","slug":"filosofia","status":"publish","type":"page","link":"https:\/\/capacitacionicsemx.com\/index.php\/filosofia\/","title":{"rendered":"Filosof\u00eda organizacional"},"content":{"rendered":"<h4><strong>MISI\u00d3N:<img decoding=\"async\" loading=\"lazy\" src=\"https:\/\/capacitacionicsemx.com\/wp-content\/uploads\/2021\/08\/mision-copy-300x256.png\" alt=\"\" width=\"300\" height=\"256\" class=\"alignright size-medium wp-image-218\" srcset=\"https:\/\/capacitacionicsemx.com\/wp-content\/uploads\/2021\/08\/mision-copy-300x256.png 300w, https:\/\/capacitacionicsemx.com\/wp-content\/uploads\/2021\/08\/mision-copy.png 350w\" sizes=\"(max-width: 300px) 100vw, 300px\" \/><\/strong><\/h4>\n<div class=\"page\" title=\"Page 2\">\n<div class=\"layoutArea\">\n<div class=\"column\">\n<p>Brindar con entusiasmo, satisfacci\u00f3n y orgullo servicios de formaci\u00f3n, capacitaci\u00f3n y consultor\u00eda que incrementen las habilidades personales<br \/>\ny laborales de nuestros clientes por medio de herramientas y t\u00e9cnicas vanguardistas que generen un profundo cambio en la conciencia social.<\/p>\n<div class=\"page\" title=\"Page 2\">\n<div class=\"layoutArea\">\n<div class=\"column\">\n<h4><span><strong>VISIO\u0301N:<\/strong><\/span><\/h4>\n<p>Ser una empresa l\u00edder en servicios de capacitaci\u00f3n<br \/>\ny consultor\u00eda en el pa\u00eds, con los m\u00e1s altos est\u00e1ndares<br \/>\nde calidad y eficiencia estando siempre a la vanguardia, fortaleciendo un profundo cambio<br \/>\nde la conciencia social para el beneficio<br \/>\ndel sector p\u00fablico y privado.<\/p>\n<\/div>\n<a href=\"https:\/\/capacitacionicsemx.com\/wp-content\/uploads\/2021\/09\/catalogo-1-1.pdf\" class=\"pdfemb-viewer\" style=\"\" data-width=\"max\" data-height=\"max\" data-toolbar=\"both\" data-toolbar-fixed=\"off\">catalogo-1-1<\/a>\n<\/div>\n<\/div>\n<div class=\"page\" title=\"Page 2\">\n<div class=\"layoutArea\">\n<div class=\"column\"><\/div>\n<\/div>\n<\/div>\n<\/div>\n<\/div>\n<\/div>\n","protected":false},"excerpt":{"rendered":"<p>MISI\u00d3N: Brindar con entusiasmo, satisfacci\u00f3n y orgullo servicios de formaci\u00f3n, capacitaci\u00f3n y consultor\u00eda que incrementen las habilidades personales y laborales de nuestros clientes por medio de herramientas y t\u00e9cnicas vanguardistas que generen un profundo cambio en la conciencia social. VISIO\u0301N: Ser una empresa l\u00edder en servicios de capacitaci\u00f3n y consultor\u00eda [&hellip;]<\/p>\n","protected":false},"author":1,"featured_media":0,"parent":0,"menu_order":0,"comment_status":"closed","ping_status":"closed","template":"","meta":[],"_links":{"self":[{"href":"https:\/\/capacitacionicsemx.com\/index.php\/wp-json\/wp\/v2\/pages\/67"}],"collection":[{"href":"https:\/\/capacitacionicsemx.com\/index.php\/wp-json\/wp\/v2\/pages"}],"about":[{"href":"https:\/\/capacitacionicsemx.com\/index.php\/wp-json\/wp\/v2\/types\/page"}],"author":[{"embeddable":true,"href":"https:\/\/capacitacionicsemx.com\/index.php\/wp-json\/wp\/v2\/users\/1"}],"replies":[{"embeddable":true,"href":"https:\/\/capacitacionicsemx.com\/index.php\/wp-json\/wp\/v2\/comments?post=67"}],"version-history":[{"count":13,"href":"https:\/\/capacitacionicsemx.com\/index.php\/wp-json\/wp\/v2\/pages\/67\/revisions"}],"predecessor-version":[{"id":245,"href":"https:\/\/capacitacionicsemx.com\/index.php\/wp-json\/wp\/v2\/pages\/67\/revisions\/245"}],"wp:attachment":[{"href":"https:\/\/capacitacionicsemx.com\/index.php\/wp-json\/wp\/v2\/media?parent=67"}],"curies":[{"name":"wp","href":"https:\/\/api.w.org\/{rel}","templated":true}]}}