{"id":62,"date":"2020-01-26T15:07:18","date_gmt":"2020-01-26T15:07:18","guid":{"rendered":"https:\/\/capacitacionicsemx.com\/?page_id=62"},"modified":"2021-08-29T08:18:04","modified_gmt":"2021-08-29T08:18:04","slug":"conocenos","status":"publish","type":"page","link":"https:\/\/capacitacionicsemx.com\/index.php\/conocenos\/","title":{"rendered":"Con\u00f3cenos"},"content":{"rendered":"<h4><strong>IMAGEN,<br \/>\nCAPACITACI\u00d3N<br \/>\nY SERVICIOS EMPRESARIALES<img decoding=\"async\" loading=\"lazy\" src=\"https:\/\/capacitacionicsemx.com\/wp-content\/uploads\/2021\/08\/gonzalo-283x300.png\" alt=\"\" width=\"283\" height=\"300\" class=\"alignright wp-image-222 size-medium\" srcset=\"https:\/\/capacitacionicsemx.com\/wp-content\/uploads\/2021\/08\/gonzalo-283x300.png 283w, https:\/\/capacitacionicsemx.com\/wp-content\/uploads\/2021\/08\/gonzalo-768x813.png 768w, https:\/\/capacitacionicsemx.com\/wp-content\/uploads\/2021\/08\/gonzalo-967x1024.png 967w, https:\/\/capacitacionicsemx.com\/wp-content\/uploads\/2021\/08\/gonzalo.png 1520w\" sizes=\"(max-width: 283px) 100vw, 283px\" \/><\/strong><\/h4>\n<div class=\"page\" title=\"Page 2\">\n<div class=\"layoutArea\">\n<div class=\"column\">\n<p>La capacitaci\u00f3n es el arma m\u00e1s poderosa que tiene una empresa porque una vez que la haya implementado tendr\u00e1 un efecto transformador en los recursos humanos a su disposici\u00f3n, esa energ\u00eda oculta en sus empleados puede utilizarla a su beneficio, esto le dar\u00e1 mejores ideas a sus empleados y por ende menos quejas en general, todo esto para resolver los problemas y mejorar su desempe\u00f1o laboral, en ellos tiene una fuente ilimitada de creatividad, si los ayuda a pensar, razonar y solucionar problemas de la vida diaria de manera inteligente.<\/p>\n<\/div>\n<\/div>\n<\/div>\n","protected":false},"excerpt":{"rendered":"<p>IMAGEN, CAPACITACI\u00d3N Y SERVICIOS EMPRESARIALES La capacitaci\u00f3n es el arma m\u00e1s poderosa que tiene una empresa porque una vez que la haya implementado tendr\u00e1 un efecto transformador en los recursos humanos a su disposici\u00f3n, esa energ\u00eda oculta en sus empleados puede utilizarla a su beneficio, esto le dar\u00e1 mejores ideas [&hellip;]<\/p>\n","protected":false},"author":1,"featured_media":0,"parent":0,"menu_order":0,"comment_status":"closed","ping_status":"closed","template":"","meta":[],"_links":{"self":[{"href":"https:\/\/capacitacionicsemx.com\/index.php\/wp-json\/wp\/v2\/pages\/62"}],"collection":[{"href":"https:\/\/capacitacionicsemx.com\/index.php\/wp-json\/wp\/v2\/pages"}],"about":[{"href":"https:\/\/capacitacionicsemx.com\/index.php\/wp-json\/wp\/v2\/types\/page"}],"author":[{"embeddable":true,"href":"https:\/\/capacitacionicsemx.com\/index.php\/wp-json\/wp\/v2\/users\/1"}],"replies":[{"embeddable":true,"href":"https:\/\/capacitacionicsemx.com\/index.php\/wp-json\/wp\/v2\/comments?post=62"}],"version-history":[{"count":16,"href":"https:\/\/capacitacionicsemx.com\/index.php\/wp-json\/wp\/v2\/pages\/62\/revisions"}],"predecessor-version":[{"id":223,"href":"https:\/\/capacitacionicsemx.com\/index.php\/wp-json\/wp\/v2\/pages\/62\/revisions\/223"}],"wp:attachment":[{"href":"https:\/\/capacitacionicsemx.com\/index.php\/wp-json\/wp\/v2\/media?parent=62"}],"curies":[{"name":"wp","href":"https:\/\/api.w.org\/{rel}","templated":true}]}}